{"id":50703,"date":"2024-07-24T05:59:21","date_gmt":"2024-07-24T03:59:21","guid":{"rendered":"https:\/\/www.cuentorelatos.com\/?page_id=50703"},"modified":"2025-03-06T02:10:26","modified_gmt":"2025-03-06T01:10:26","slug":"condiciones-uso-aviso-legal","status":"publish","type":"page","link":"https:\/\/www.cuentorelatos.com\/archivos\/condiciones-uso-aviso-legal\/","title":{"rendered":"Condiciones de uso y aviso legal"},"content":{"rendered":"<p><span style=\"font-size: 16px;\">1. La exploraci\u00f3n del sitio web y de cualquiera de las p\u00e1ginas a las que a trav\u00e9s del mismo se pueda acceder, implica que el usuario necesariamente ha le\u00eddo, entiende y acepta los Condiciones de Uso y Aviso Legal de este sitio web. En caso de que no est\u00e9 de acuerdo con los t\u00e9rminos y condiciones descritos a continuaci\u00f3n, el usuario debe abstenerse de utilizar este sitio web y todos sus servicios relacionados.<\/span><\/p>\n<p><span style=\"font-size: 16px;\">2. cuentorelatos.com es una web enfocada a la publicaci\u00f3n de relatos er\u00f3ticos para uso y disfrute de todos aquellos usuarios que accedan al sitio. Los autores que publiquen sus relatos aceptan que en ning\u00fan caso recibir\u00e1n una compensaci\u00f3n, de ning\u00fan tipo, por ello. Tampoco se exigir\u00e1 al resto de usuarios ning\u00fan pago por el uso del sitio web en favor de los autores o de los propietarios del mismo. La \u00fanica exigencia consiste en la utilizaci\u00f3n responsable del sitio y siempre con el m\u00e1ximo respeto a los dem\u00e1s usuarios.<\/span><\/p>\n<p><span style=\"font-size: 16px;\">3. Cualquier usuario podr\u00e1 darse de alta o de baja cuando lo estime oportuno. En caso de renunciar a su cuenta, y por motivos de seguridad, deber\u00e1 comunicarlo para que procedamos a una eliminaci\u00f3n limpia y total de sus datos.<\/span><\/p>\n<p><span style=\"font-size: 16px;\">4. cuentorelatos.com se reserva el derecho a eliminar o no publicar todos aquellos relatos y\/o comentarios que estime inapropiados o ilegales y sin la obligaci\u00f3n de avisar a sus autores. Se entender\u00e1 por \u201cRelato\u201d cualquier texto que un usuario envi\u00e9 para su publicaci\u00f3n y que tenga dicho formato. Ser\u00e1n los administradores quienes valoren de forma unilateral todo lo contenido en este p\u00e1rrafo.<\/span><\/p>\n<p><span style=\"font-size: 16px;\">Cualquier usuario tiene derecho a denunciar los relatos y comentarios que considere inapropiados o que incumplan las normas.<\/span><\/p>\n<p><span style=\"font-size: 16px;\">En todo caso, cuentorelatos.com no se hace responsable del contenido de los relatos enviados ni de los comentarios formulados, recayendo toda responsabilidad sobre sus autores. Publicar relatos o comentarios implica que has le\u00eddo estas condiciones y que las aceptas.<\/span><\/p>\n<p><span style=\"font-size: 16px;\">5. Si por motivos de dise\u00f1o o estabilidad del sitio nos vemos en la necesidad de redise\u00f1ar alg\u00fan relato o comentario (respetando el contenido en lo posible), su autor aceptar\u00e1 esta situaci\u00f3n y no podr\u00e1 oponerse. En caso de discrepancia tiene el derecho a solicitar su eliminaci\u00f3n.<\/span><\/p>\n<p><span style=\"font-size: 16px;\">6. Por norma general, solo se publicar\u00e1n relatos o im\u00e1genes cuyos derechos no sean propiedad de un tercero. En caso de denuncia por parte de quien obstante dichos derechos, el relato o la imagen ser\u00e1n retirados en el momento en que tengamos pleno conocimiento de tal circunstancia. cuentorelatos.com quedar\u00e1 eximida de cualquier tipo de responsabilidad y colaborar\u00e1 con las autoridades competentes si fuese requerido para ello. Como autor asumes toda la responsabilidad.<\/span><\/p>\n<p><span style=\"font-size: 16px;\">Del mismo modo, solo se publicar\u00e1n relatos escritos en castellano y respetando sus variantes en funci\u00f3n de la nacionalidad de su autor.<\/span><\/p>\n<p><span style=\"font-size: 16px;\">7. cuentorelatos.com no participar\u00e1 en pleitos derivados de la autor\u00eda de ning\u00fan relato, y tan solo nos limitaremos a facilitar cualquier informaci\u00f3n que nos sea solicitada.<\/span><\/p>\n<p><span style=\"font-size: 16px;\">A pesar de almacenar los relatos y datos de los usuarios, no nos hacemos responsables de los posibles ataques perpetrados por expertos en inform\u00e1tica o por fallos derivados de Internet. Pondremos todos los medios necesarios para evitarlo, pero debes tener en cuenta que esto no siempre puede ser suficiente. Debido a lo anterior, el usuario tiene la responsabilidad de guardar una copia de sus relatos o im\u00e1genes.<\/span><\/p>\n<p><span style=\"font-size: 16px;\">En relaci\u00f3n con el p\u00e1rrafo anterior, es responsabilidad de los usuarios asegurarse de que sus relatos e informaci\u00f3n personal se mantienen inalterables. Pueden y deben ponerse en contacto con los administradores a trav\u00e9s del formulario de contacto para comunicar cualquier incidencia.<\/span><\/p>\n<p><span style=\"font-size: 16px;\">8. Como usuario aceptas y declaras que ingresas en la web y navegas por ella bajo tu absoluta responsabilidad y que has alcanzado la mayor\u00eda de edad establecida en tu pa\u00eds de residencia. Te comprometes a hacerlo de forma responsable y a respetar las normas establecidas por el bien com\u00fan. Entiendes y admites que los administradores puedan limitarte o impedirte el acceso a determinados servicios si incumples con todo o parte de lo que en esta p\u00e1gina se detalla.<\/span><\/p>\n<p><span style=\"font-size: 16px;\">En cualquier caso, admites que toda manifestaci\u00f3n (mediante relato o comentario) que pueda perjudicar a este sitio web o a terceras personas es responsabilidad tuya. En el supuesto de que dichas manifestaciones o perjuicios sean llevados a cabo por un menor de edad, ser\u00e1n sus padres, tutores o representantes legales los responsables en el supuesto de que el menor a su cargo utilice la web sin el correspondiente permiso.<\/span><\/p>\n<p><span style=\"font-size: 16px;\">Teniendo en cuenta que en la actualidad hay mecanismos eficientes para impedir el acceso a los menores de edad, es responsabilidad de quienes los tienen a su cargo tomar las medidas necesarias para impedir su acceso a este sitio con contenidos para adultos. Estos contenidos pueden ser, sin ninguna obligatoriedad, de car\u00e1cter er\u00f3tico o sexual en forma de texto o de im\u00e1genes.<\/span><\/p>\n<p><span style=\"font-size: 16px;\">9. El usuario se compromete a utilizar este sitio web y sus contenidos de forma adecuada y responsable de acuerdo a las normas legales aplicables en Espa\u00f1a y en los tratados internacionales, en las presentes condiciones de uso y t\u00e9rminos legales, la moral, las buenas costumbres y el bien com\u00fan. En todo caso el usuario deber\u00e1 abstenerse de lo siguiente:<\/span><\/p>\n<p><span style=\"font-size: 16px;\">9.1. El uso de para da\u00f1ar o intentar da\u00f1ar a menores de edad de cualquier forma y, muy especialmente, difundiendo o promoviendo la pornograf\u00eda infantil, el abuso y maltrato de menores u otras actividades parecidas. Esto es tambi\u00e9n aplicable a la inclusi\u00f3n de personajes que los representen en los relatos publicados por los autores.<\/span><\/p>\n<p><span style=\"font-size: 16px;\">9.2. Amenazar, calumniar o insultar a cualquier persona a trav\u00e9s de los contenidos publicados. Incitar al da\u00f1o o destrucci\u00f3n de las personas o propiedades.<\/span><\/p>\n<p><span style=\"font-size: 16px;\">9.3. Actuar del modo prohibido para con los menores de edad cuando se trate de personas con cualquier tipo de minusval\u00eda o impedimento.<\/span><\/p>\n<p><span style=\"font-size: 16px;\">9.4. Acosar o promover este tipo de actos contra cualquier usuario del sitio web.<\/span><\/p>\n<p><span style=\"font-size: 16px;\">9.5. Actividades, comentarios, textos o cualquier otro medio que fomente la bulimia y\/o la anorexia.<\/span><\/p>\n<p><span style=\"font-size: 16px;\">9.6. Atentar contra los derechos y libertades expresamente prohibidas por las leyes espa\u00f1olas e internacionales, as\u00ed como los aceptados como nocivos para la moral, las buenas costumbres y las normas de convivencia c\u00edvica. En este sentido adquiere especial consideraci\u00f3n todo lo relativo a cualquier tipo de discriminaci\u00f3n.<\/span><\/p>\n<p><span style=\"font-size: 16px;\">9.7. Utilizar los servicios de para promocionar art\u00edculos o actividades comerciales y\/o empresariales fraudulentos sin consentimiento expreso. Esto incluye textos y\/o links que lleven a sitios donde se ejerzan o promuevan estas actividades.<\/span><\/p>\n<p><span style=\"font-size: 16px;\">9.8. Transmitir mensajes no solicitados (SPAM) a trav\u00e9s de nuestras p\u00e1ginas sin la debida autorizaci\u00f3n. Este punto tambi\u00e9n es aplicable a los anuncios comerciales, publicitarios, de patrocinio u otros similares.<\/span><\/p>\n<p><span style=\"font-size: 16px;\">9.9. Acceder o intentar hacerlo a las cuentas personales de otros usuarios con cualquier intenci\u00f3n. Vulnerar o tratar de forzar la seguridad del sitio web por cualquier motivo. Esto incluye tanto las p\u00e1ginas no accesibles a los usuarios como la base de datos que almacena los datos de la web. Este tipo de conductas implicar\u00e1 la r\u00e1pida cancelaci\u00f3n de la cuenta del infractor y la consecuente denuncia ante de las autoridades competentes.<\/span><\/p>\n<p><span style=\"font-size: 16px;\">9.10. La difusi\u00f3n de programas inform\u00e1ticos, pel\u00edculas, m\u00fasica, libros o cualquier otro tipo de material con derechos de autor o protegidos por las leyes. Al ser una web de relatos exclusivamente, cualquier material que no tenga que ver con ellos est\u00e1 prohibido y ser\u00e1 retirado en el momento en que se tenga conocimiento de su existencia en el sitio.<\/span><\/p>\n<p><span style=\"font-size: 16px;\">9.11. Beneficiarse de cualquier modo de los relatos publicados en este sitio web sin el correspondiente permiso de sus autores. Aunque cuentorelatos.com publica los relatos que los autores nos remiten, ellos son los \u00fanicos que est\u00e1n en posesi\u00f3n de sus derechos y quienes tienen que velar por ellos.<\/span><\/p>\n<p><span style=\"font-size: 16px;\">9.12. Ning\u00fan usuario puede adue\u00f1arse, bajo ning\u00fan concepto, de la informaci\u00f3n personal de otros usuarios sin su conocimiento o consentimiento.<\/span><\/p>\n<p><span style=\"font-size: 16px;\">9.13. Acceder o intentar hacerlo a las computadoras de otros usuarios a trav\u00e9s de nuestras p\u00e1ginas.<\/span><\/p>\n<p><span style=\"font-size: 16px;\">9.14. Alterar de cualquier forma esta p\u00e1gina u otras del sitio web. Introducir virus que perjudiquen a la web, a sus usuarios o a terceros.<\/span><\/p>\n<p><span style=\"font-size: 16px;\">9.15. Informar o ceder sus contrase\u00f1as o formas de acceso a su cuenta. En estos casos, el propietario de la cuenta se hace responsable del posible uso indebido que esta actuaci\u00f3n conlleve. Igual ocurre si es el usuario quien hace un uso indebido o usa su cuenta de forma negligente.<\/span><\/p>\n<p><span style=\"font-size: 16px;\">9.16. Los servicios de cuentorelatos.com utilizan recursos compartidos. El uso o el abuso excesivo de estos recursos compartidos de la red por un usuario puede tener un impacto negativo en el resto de los usuarios. El uso err\u00f3neo de estos recursos de forma que deteriore el funcionamiento de la red est\u00e1 prohibido por estos t\u00e9rminos y puede dar lugar a la cancelaci\u00f3n de su cuenta.<\/span><\/p>\n<p><span style=\"font-size: 16px;\">9.17. Manipular el c\u00f3digo fuente de nuestras p\u00e1ginas, copiarlo, distribuirlo o beneficiarse de \u00e9l de alg\u00fan modo. Esto incluye el logotipo, el nombre de dominio, el dise\u00f1o o cualquier otro elemento propiedad de.<\/span><\/p>\n<p><span style=\"font-size: 16px;\">9.18. Incluir links en otros sitios para acceder a cuentorelatos.com y relacionarlos con cualquier actividad distinta a nuestro sitio web.<\/span><\/p>\n<p><span style=\"font-size: 16px;\">9.19. En general cualquier otra conducta o actividad que a juicio de cuentorelatos.com suponga riesgo, vulneraci\u00f3n, discrepancia, alteraci\u00f3n, perjuicio o cualquier otro contra el sitio web o sus usuarios.<\/span><\/p>\n<p><span style=\"font-size: 16px;\">10. Aunque cuentorelatos.com ha dispuesto medidas para la recuperaci\u00f3n de contrase\u00f1as, los usuarios registrados son responsables de su custodia y uso. Lo mismo ocurre con el nombre de usuario y cuenta de correo con los que se registran. En estos dos \u00faltimos casos, colaboraremos de la mejor forma posible para su restituci\u00f3n siempre que se tenga plena certeza de la legitimidad del usuario y ello no suponga un riesgo para el correcto funcionamiento del sitio web.<\/span><\/p>\n<p><span style=\"font-size: 16px;\">Los usuarios registrados ser\u00e1n en todo caso responsables del mal uso de su cuenta. Por este motivo est\u00e1n obligados a informar del olvido, extrav\u00edo o conocimiento por parte de terceros de estos datos para que se tomen las medidas adecuadas. Estas pueden conllevar, aunque no obligatoriamente, el bloqueo o cancelaci\u00f3n de la cuenta afectada.<\/span><\/p>\n<p><span style=\"font-size: 16px;\">11. Como usuario reconoces y aceptas que todos los derechos de propiedad industrial e intelectual sobre los contenidos de este sitio web pertenecen a sus autores y que no est\u00e1s autorizado a difundirlos, plagiarlos, explotarlos, cederlos, comunicarlos, obtener beneficio o similares sin la debida autorizaci\u00f3n de sus propietarios o sin legitimidad legal.<\/span><\/p>\n<p><span style=\"font-size: 16px;\">En lo que respecta a los contenidos publicados por los usuarios, todos los derechos corresponden, en principio, a cuentorelatos.com, salvo que sus propietarios (los autores) manifiesten de forma clara e inequ\u00edvoca lo contrario o est\u00e9n en posesi\u00f3n de derechos que revoquen lo estipulado en este p\u00e1rrafo. Tan solo se te autoriza el uso personal, privado y no lucrativo de los contenidos (visualizar, imprimir, descargar o guardar) siempre que indiques la fuente o autor\u00eda correspondiente. En otros casos deber\u00e1s contar con la debida autorizaci\u00f3n fehacientemente otorgada.<\/span><\/p>\n<p><span style=\"font-size: 16px;\">12. Aceptas que cuentorelatos.com no se hace responsable en lo concerniente a los siguientes puntos:<\/span><\/p>\n<p><span style=\"font-size: 16px;\">12.1. En caso de cierre del sitio web, indisponibilidad por problemas en la red o en los servidores, reforma o actualizaci\u00f3n del portal o su base de datos, o cualquier otro imprevisto ajeno a cuentorelatos.com.<\/span><\/p>\n<p><span style=\"font-size: 16px;\">12.2. Perjuicios ocasionados por otros usuarios o por terceros (ataques inform\u00e1ticos, intromisiones, introducci\u00f3n de virus, etc.). Aunque, en este sentido, se han tomado las medidas necesarias para impedirlo o minimizar sus efectos, no podemos garantizar que estos supuestos no se den. En todo caso, y como medida inmediata, procederemos a comunicarlo a quienes corresponda para que se depuren las responsabilidades en que puedan incurrir quienes act\u00faen de forma maliciosa y\/o delictiva.<\/span><\/p>\n<p><span style=\"font-size: 16px;\">12.3. Respecto a los contenidos publicados por los usuarios (relatos, comentarios, im\u00e1genes, etc.), a ellos corresponde la responsabilidad de remitirnos textos de su propiedad, que no vulneren derechos de terceros o que incumplan las normas establecidas en esta p\u00e1gina, emitir comentarios y\/u opiniones que no da\u00f1en o perjudiquen a otros, adjuntar im\u00e1genes propias o de acceso libre y, en general, no adoptar conductas impropias o delictivas.<\/span><\/p>\n<p><span style=\"font-size: 16px;\">En este sentido, y conforme a lo estipulado legalmente, cuentorelatos.com no est\u00e1 obligado a conocer los contenidos publicados por los usuarios que utilicen este sitio web. Estos disponen de medios para comunicar cualquier incidencia, anomal\u00eda o vulneraci\u00f3n de las normas. Como norma general (y de forma voluntaria), todas las comunicaciones o reportes recibidos ser\u00e1n tratados en su justa medida, procediendo a su desestimaci\u00f3n, eliminaci\u00f3n del contenido inapropiado y\/o comunicaci\u00f3n a las autoridades en caso de suponer un posible delito.<\/span><\/p>\n<p><span style=\"font-size: 16px;\">12.4. Cuando los usuarios causen alg\u00fan perjuicio por negligencia, conducta inapropiada o mala fe, siempre que los administradores de este sitio web no tengan conocimiento de ello para poder remediarlo (si ello fuera posible). En este sentido, cuentorelatos.com no dispone de medios para verificar la autenticidad de los datos suministrados por los usuarios o su validez y tampoco conocemos su identidad por no estar obligados a ello.<\/span><\/p>\n<p><span style=\"font-size: 16px;\">12.5. Por las acciones o interpretaciones que tomen o puedan tomar los usuarios en funci\u00f3n de lo le\u00eddo en los relatos y\/o comentarios. Se sobrentiende que lo narrado en los relatos entra dentro del mundo de la ficci\u00f3n y que puede ser real o no. Respecto a los comentarios, tampoco es posible controlar todo lo que los usuarios digan o dejen de decir, siendo estos los \u00fanicos responsables de sus manifestaciones.<\/span><\/p>\n<p><span style=\"font-size: 16px;\">12.6. Por los contenidos a los que los usuarios puedan acceder a trav\u00e9s de links u otros m\u00e9todos ajenos a cuentorelatos.com. Aunque hemos limitado la web para que dichos links no destaquen de forma clara, nos es imposible evitar que puedan aparecer en forma de texto en relatos y\/o comentarios. Igualmente, no nos hacemos responsables de los enlaces a los que dirijan los \u00fanicos links permitidos a los usuarios registrados en su \u201cperfil de usuario\u201d y que son: p\u00e1gina web, blog u otro, as\u00ed como enlaces a sus redes sociales.<\/span><\/p>\n<p><span style=\"font-size: 16px;\">13. En lo referente a las pol\u00edticas de cookies y protecci\u00f3n de datos personales te sugerimos que te informes en los siguientes enlaces:<\/span><\/p>\n<ul>\n<li><span style=\"font-size: 16px;\"><a class=\"tds-button5 tdm-btn tdm-btn-sm tdi_18 \" title=\"Pol\u00edtica de cookies\" href=\"https:\/\/www.cuentorelatos.com\/archivos\/politica-de-cookies\/\" target=\"_blank\" rel=\"noopener\"><span class=\"tdm-btn-text\">Pol\u00edtica de cookies<\/span><\/a><\/span><\/li>\n<li><span style=\"font-size: 16px;\"><a href=\"\/proteccion-datos\/\" target=\"_blank\" rel=\"noopener\">Pol\u00edtica de privacidad y protecci\u00f3n de datos<\/a><\/span><\/li>\n<\/ul>\n<p><span style=\"font-size: 16px;\">14. Cualquier incumplimiento de las condiciones estipuladas en esta p\u00e1gina, o en otras enlazadas, podr\u00e1 suponer el bloqueo o cancelaci\u00f3n de la cuenta de los usuarios que las infrinjan. En el supuesto de incumplimiento grave se tomar\u00e1n las medidas que sean necesarias y, en su caso, se pondr\u00e1 en conocimiento de las autoridades competentes.<\/span><\/p>\n<p><span style=\"font-size: 16px;\">15. se reserva el derecho a modificar, a\u00f1adir o suprimir cuanto estime oportuno en lo que se refiere a estas CONDICIONES DE USO Y AVISO LEGAL. En especial para adaptarlo a las normativas vigentes en cada momento o las que se consideren apropiadas en el futuro.<\/span><\/p>\n<p><span style=\"font-size: 16px;\">16. Al hacer uso de este sitio web, aceptas que cualquier discrepancia o litigio relacionado con \u00e9l tenga lugar en los juzgados y tribunales de la ciudad de Toledo, siempre y cuando no sea designado otro distinto por orden de una autoridad competente o alguna disposici\u00f3n legal.<\/span><\/p>\n<p><span style=\"font-size: 16px;\">17. Estas CONDICIONES DE USO Y AVISO LEGAL han sido redactadas tratando de ce\u00f1irse a la legalidad y, por ello, queda patente la buena intenci\u00f3n al hacerlo. En caso de error u omisi\u00f3n, ser\u00e1n actualizadas tan pronto se tenga noticia de tal circunstancia.<\/span><\/p>\n<p style=\"text-align: center;\"><span style=\"font-size: 16px;\">\u00daltima actualizaci\u00f3n: 10 de agosto de 2024<\/span><\/p>\n<div class=\"pvc_clear\"><\/div>\n<p id=\"pvc_stats_50703\" class=\"pvc_stats total_only  \" data-element-id=\"50703\" style=\"\"><i class=\"pvc-stats-icon medium\" aria-hidden=\"true\"><svg aria-hidden=\"true\" focusable=\"false\" data-prefix=\"far\" data-icon=\"chart-bar\" role=\"img\" xmlns=\"http:\/\/www.w3.org\/2000\/svg\" viewBox=\"0 0 512 512\" class=\"svg-inline--fa fa-chart-bar fa-w-16 fa-2x\"><path fill=\"currentColor\" d=\"M396.8 352h22.4c6.4 0 12.8-6.4 12.8-12.8V108.8c0-6.4-6.4-12.8-12.8-12.8h-22.4c-6.4 0-12.8 6.4-12.8 12.8v230.4c0 6.4 6.4 12.8 12.8 12.8zm-192 0h22.4c6.4 0 12.8-6.4 12.8-12.8V140.8c0-6.4-6.4-12.8-12.8-12.8h-22.4c-6.4 0-12.8 6.4-12.8 12.8v198.4c0 6.4 6.4 12.8 12.8 12.8zm96 0h22.4c6.4 0 12.8-6.4 12.8-12.8V204.8c0-6.4-6.4-12.8-12.8-12.8h-22.4c-6.4 0-12.8 6.4-12.8 12.8v134.4c0 6.4 6.4 12.8 12.8 12.8zM496 400H48V80c0-8.84-7.16-16-16-16H16C7.16 64 0 71.16 0 80v336c0 17.67 14.33 32 32 32h464c8.84 0 16-7.16 16-16v-16c0-8.84-7.16-16-16-16zm-387.2-48h22.4c6.4 0 12.8-6.4 12.8-12.8v-70.4c0-6.4-6.4-12.8-12.8-12.8h-22.4c-6.4 0-12.8 6.4-12.8 12.8v70.4c0 6.4 6.4 12.8 12.8 12.8z\" class=\"\"><\/path><\/svg><\/i> <img decoding=\"async\" width=\"16\" height=\"16\" alt=\"Loading\" src=\"https:\/\/www.cuentorelatos.com\/archivos\/wp-content\/plugins\/page-views-count\/ajax-loader-2x.gif\" =0 title=\"\"><\/p>\n<div class=\"pvc_clear\"><\/div>\n","protected":false},"excerpt":{"rendered":"<p>1. La exploraci\u00f3n del sitio web y de cualquiera de las p\u00e1ginas a las que a trav\u00e9s del mismo se pueda acceder, implica que el usuario necesariamente ha le\u00eddo, entiende y acepta los Condiciones de Uso y Aviso Legal de este sitio web. En caso de que no est\u00e9 de acuerdo con los t\u00e9rminos y [&hellip;]<\/p>\n<div class=\"pvc_clear\"><\/div>\n<p id=\"pvc_stats_50703\" class=\"pvc_stats total_only  \" data-element-id=\"50703\" style=\"\"><i class=\"pvc-stats-icon medium\" aria-hidden=\"true\"><svg aria-hidden=\"true\" focusable=\"false\" data-prefix=\"far\" data-icon=\"chart-bar\" role=\"img\" xmlns=\"http:\/\/www.w3.org\/2000\/svg\" viewBox=\"0 0 512 512\" class=\"svg-inline--fa fa-chart-bar fa-w-16 fa-2x\"><path fill=\"currentColor\" d=\"M396.8 352h22.4c6.4 0 12.8-6.4 12.8-12.8V108.8c0-6.4-6.4-12.8-12.8-12.8h-22.4c-6.4 0-12.8 6.4-12.8 12.8v230.4c0 6.4 6.4 12.8 12.8 12.8zm-192 0h22.4c6.4 0 12.8-6.4 12.8-12.8V140.8c0-6.4-6.4-12.8-12.8-12.8h-22.4c-6.4 0-12.8 6.4-12.8 12.8v198.4c0 6.4 6.4 12.8 12.8 12.8zm96 0h22.4c6.4 0 12.8-6.4 12.8-12.8V204.8c0-6.4-6.4-12.8-12.8-12.8h-22.4c-6.4 0-12.8 6.4-12.8 12.8v134.4c0 6.4 6.4 12.8 12.8 12.8zM496 400H48V80c0-8.84-7.16-16-16-16H16C7.16 64 0 71.16 0 80v336c0 17.67 14.33 32 32 32h464c8.84 0 16-7.16 16-16v-16c0-8.84-7.16-16-16-16zm-387.2-48h22.4c6.4 0 12.8-6.4 12.8-12.8v-70.4c0-6.4-6.4-12.8-12.8-12.8h-22.4c-6.4 0-12.8 6.4-12.8 12.8v70.4c0 6.4 6.4 12.8 12.8 12.8z\" class=\"\"><\/path><\/svg><\/i> <img decoding=\"async\" width=\"16\" height=\"16\" alt=\"Loading\" src=\"https:\/\/www.cuentorelatos.com\/archivos\/wp-content\/plugins\/page-views-count\/ajax-loader-2x.gif\" border=0 \/><\/p>\n<div class=\"pvc_clear\"><\/div>\n","protected":false},"author":1,"featured_media":0,"parent":0,"menu_order":0,"comment_status":"closed","ping_status":"closed","template":"","meta":{"footnotes":""},"class_list":["post-50703","page","type-page","status-publish"],"a3_pvc":{"activated":true,"total_views":411,"today_views":0},"_links":{"self":[{"href":"https:\/\/www.cuentorelatos.com\/archivos\/wp-json\/wp\/v2\/pages\/50703","targetHints":{"allow":["GET"]}}],"collection":[{"href":"https:\/\/www.cuentorelatos.com\/archivos\/wp-json\/wp\/v2\/pages"}],"about":[{"href":"https:\/\/www.cuentorelatos.com\/archivos\/wp-json\/wp\/v2\/types\/page"}],"author":[{"embeddable":true,"href":"https:\/\/www.cuentorelatos.com\/archivos\/wp-json\/wp\/v2\/users\/1"}],"replies":[{"embeddable":true,"href":"https:\/\/www.cuentorelatos.com\/archivos\/wp-json\/wp\/v2\/comments?post=50703"}],"version-history":[{"count":10,"href":"https:\/\/www.cuentorelatos.com\/archivos\/wp-json\/wp\/v2\/pages\/50703\/revisions"}],"predecessor-version":[{"id":52692,"href":"https:\/\/www.cuentorelatos.com\/archivos\/wp-json\/wp\/v2\/pages\/50703\/revisions\/52692"}],"wp:attachment":[{"href":"https:\/\/www.cuentorelatos.com\/archivos\/wp-json\/wp\/v2\/media?parent=50703"}],"curies":[{"name":"wp","href":"https:\/\/api.w.org\/{rel}","templated":true}]}}